{"id":11,"date":"2025-02-25T14:58:54","date_gmt":"2025-02-25T12:58:54","guid":{"rendered":"https:\/\/enginyeriasalutgirona.eic.cat\/?page_id=11"},"modified":"2025-03-14T13:23:31","modified_gmt":"2025-03-14T11:23:31","slug":"mapa","status":"publish","type":"page","link":"https:\/\/enginyeriasalutgirona.eic.cat\/?page_id=11","title":{"rendered":"Mapa"},"content":{"rendered":"\n<p><\/p>\n\n\n\n<div class=\"wp-block-uagb-container uagb-block-ibpjdkck alignfull uagb-is-root-container\"><div class=\"uagb-container-inner-blocks-wrap\">\n<div class=\"wp-block-uagb-container uagb-block-bwzhmjxn\">\n<div class=\"wp-block-uagb-info-box uagb-block-u9kaeyhy uagb-infobox__content-wrap  uagb-infobox-icon-above-title uagb-infobox-image-valign-top\"><div class=\"uagb-ifb-content\"><div class=\"uagb-ifb-title-wrap\"><h1 class=\"uagb-ifb-title\">Mapa de l&#8217;enginyeria de la salut<\/h1><\/div><p class=\"uagb-ifb-desc\"><strong>Regi\u00f3 sanit\u00e0ria de Girona.<\/strong><br>Aquest mapa interactiu est\u00e0 organitzat per colors, indicant el grau d&#8217;implicaci\u00f3 de cada empresa o entitat amb l&#8217;\u00e0mbit sanitari. <br>En fer clic sobre cada punt, podreu veure el nombre total de professionals de l\u2019enginyeria que hi treballen i un breu resum de l&#8217;activitat en el cas de les empreses i centres de recerca.<\/p><\/div><\/div>\n\n\n\n<div class=\"wp-block-uagb-buttons uagb-buttons__outer-wrap uagb-btn__default-btn uagb-btn-tablet__default-btn uagb-btn-mobile__default-btn uagb-block-ukjdz8yz\"><div class=\"uagb-buttons__wrap uagb-buttons-layout-wrap \">\n<div class=\"wp-block-uagb-buttons-child uagb-buttons__outer-wrap uagb-block-ltiujmvi wp-block-button\"><div class=\"uagb-button__wrapper\"><a class=\"uagb-buttons-repeater wp-block-button__link\" aria-label=\"\" href=\"https:\/\/www.google.com\/maps\/d\/edit?mid=1_nKOKdnL9sGjVveDcMSlIu-UPX67qbw&amp;usp=sharing\" rel=\"follow noopener\" target=\"_blank\" role=\"button\"><div class=\"uagb-button__link\">Acc\u00e9s al mapa<\/div><\/a><\/div><\/div>\n<\/div><\/div>\n<\/div>\n\n\n\n<iframe loading=\"lazy\" src=\"https:\/\/www.google.com\/maps\/d\/u\/1\/embed?mid=1_nKOKdnL9sGjVveDcMSlIu-UPX67qbw&#038;ehbc=2E312F&#038;noprof=1\" width=\"640\" height=\"480\"><\/iframe>\n<\/div><\/div>\n\n\n\n<p><\/p>\n\n\n\n<p><\/p>\n\n\n\n<div class=\"wp-block-uagb-info-box uagb-block-0706fb9a uagb-infobox__content-wrap  uagb-infobox-icon-above-title uagb-infobox-image-valign-top\"><div class=\"uagb-ifb-content\"><div class=\"uagb-ifb-icon-wrap\"><svg xmlns=\"https:\/\/www.w3.org\/2000\/svg\" viewBox=\"0 0 512 512\"><path d=\"M0 256C0 114.6 114.6 0 256 0C397.4 0 512 114.6 512 256C512 397.4 397.4 512 256 512C114.6 512 0 397.4 0 256zM371.8 211.8C382.7 200.9 382.7 183.1 371.8 172.2C360.9 161.3 343.1 161.3 332.2 172.2L224 280.4L179.8 236.2C168.9 225.3 151.1 225.3 140.2 236.2C129.3 247.1 129.3 264.9 140.2 275.8L204.2 339.8C215.1 350.7 232.9 350.7 243.8 339.8L371.8 211.8z\"><\/path><\/svg><\/div><div class=\"uagb-ifb-title-wrap\"><h3 class=\"uagb-ifb-title\">Les corones<\/h3><\/div><p class=\"uagb-ifb-desc\">Els graus d&#8217;implicaci\u00f3 s&#8217;han estructurat en tres corones. La primera corona inclou directament els professionals que treballen als hospitals. A la segona corona s&#8217;hi troben els enginyers i enginyeres que mantenen algun tipus de relaci\u00f3 amb els hospitals, com ara els professionals de consultories, centres de recerca i universitats.<br>Finalment, la tercera corona agrupa les empreses de l\u2019\u00e0mbit sanitari amb un contacte indirecte amb els hospitals, com ara prove\u00efdors de productes, empreses farmac\u00e8utiques, desenvolupadors de software i de dispositius m\u00e8dics.<\/p><\/div><\/div>\n\n\n\n<div class=\"wp-block-uagb-image uagb-block-0bb528e5 wp-block-uagb-image--layout-default wp-block-uagb-image--effect-static wp-block-uagb-image--align-none\"><figure class=\"wp-block-uagb-image__figure\"><img decoding=\"async\" srcset=\"https:\/\/enginyeriasalutgirona.eic.cat\/wp-content\/uploads\/2025\/02\/Diseno-sin-titulo.png ,https:\/\/enginyeriasalutgirona.eic.cat\/wp-content\/uploads\/2025\/02\/Diseno-sin-titulo.png 780w, https:\/\/enginyeriasalutgirona.eic.cat\/wp-content\/uploads\/2025\/02\/Diseno-sin-titulo.png 360w\" sizes=\"auto, (max-width: 480px) 150px\" src=\"https:\/\/enginyeriasalutgirona.eic.cat\/wp-content\/uploads\/2025\/02\/Diseno-sin-titulo.png\" alt=\"\" class=\"uag-image-129\" width=\"401\" height=\"420\" title=\"Dise\u00f1o sin t\u00edtulo\" loading=\"lazy\" role=\"img\"\/><\/figure><\/div>\n\n\n\n<p><\/p>\n","protected":false},"excerpt":{"rendered":"","protected":false},"author":1,"featured_media":0,"parent":0,"menu_order":0,"comment_status":"closed","ping_status":"closed","template":"","meta":{"_uag_custom_page_level_css":"","site-sidebar-layout":"default","site-content-layout":"","ast-site-content-layout":"","site-content-style":"default","site-sidebar-style":"default","ast-global-header-display":"","ast-banner-title-visibility":"","ast-main-header-display":"","ast-hfb-above-header-display":"","ast-hfb-below-header-display":"","ast-hfb-mobile-header-display":"","site-post-title":"","ast-breadcrumbs-content":"","ast-featured-img":"","footer-sml-layout":"","theme-transparent-header-meta":"","adv-header-id-meta":"","stick-header-meta":"","header-above-stick-meta":"","header-main-stick-meta":"","header-below-stick-meta":"","astra-migrate-meta-layouts":"default","ast-page-background-enabled":"default","ast-page-background-meta":{"desktop":{"background-color":"var(--ast-global-color-5)","background-image":"","background-repeat":"repeat","background-position":"center center","background-size":"auto","background-attachment":"scroll","background-type":"","background-media":"","overlay-type":"","overlay-color":"","overlay-opacity":"","overlay-gradient":""},"tablet":{"background-color":"","background-image":"","background-repeat":"repeat","background-position":"center center","background-size":"auto","background-attachment":"scroll","background-type":"","background-media":"","overlay-type":"","overlay-color":"","overlay-opacity":"","overlay-gradient":""},"mobile":{"background-color":"","background-image":"","background-repeat":"repeat","background-position":"center center","background-size":"auto","background-attachment":"scroll","background-type":"","background-media":"","overlay-type":"","overlay-color":"","overlay-opacity":"","overlay-gradient":""}},"ast-content-background-meta":{"desktop":{"background-color":"var(--ast-global-color-4)","background-image":"","background-repeat":"repeat","background-position":"center center","background-size":"auto","background-attachment":"scroll","background-type":"","background-media":"","overlay-type":"","overlay-color":"","overlay-opacity":"","overlay-gradient":""},"tablet":{"background-color":"var(--ast-global-color-4)","background-image":"","background-repeat":"repeat","background-position":"center center","background-size":"auto","background-attachment":"scroll","background-type":"","background-media":"","overlay-type":"","overlay-color":"","overlay-opacity":"","overlay-gradient":""},"mobile":{"background-color":"var(--ast-global-color-4)","background-image":"","background-repeat":"repeat","background-position":"center center","background-size":"auto","background-attachment":"scroll","background-type":"","background-media":"","overlay-type":"","overlay-color":"","overlay-opacity":"","overlay-gradient":""}},"footnotes":""},"class_list":["post-11","page","type-page","status-publish","hentry"],"uagb_featured_image_src":{"full":false,"thumbnail":false,"medium":false,"medium_large":false,"large":false,"1536x1536":false,"2048x2048":false},"uagb_author_info":{"display_name":"admin","author_link":"https:\/\/enginyeriasalutgirona.eic.cat\/?author=1"},"uagb_comment_info":0,"uagb_excerpt":null,"_links":{"self":[{"href":"https:\/\/enginyeriasalutgirona.eic.cat\/index.php?rest_route=\/wp\/v2\/pages\/11","targetHints":{"allow":["GET"]}}],"collection":[{"href":"https:\/\/enginyeriasalutgirona.eic.cat\/index.php?rest_route=\/wp\/v2\/pages"}],"about":[{"href":"https:\/\/enginyeriasalutgirona.eic.cat\/index.php?rest_route=\/wp\/v2\/types\/page"}],"author":[{"embeddable":true,"href":"https:\/\/enginyeriasalutgirona.eic.cat\/index.php?rest_route=\/wp\/v2\/users\/1"}],"replies":[{"embeddable":true,"href":"https:\/\/enginyeriasalutgirona.eic.cat\/index.php?rest_route=%2Fwp%2Fv2%2Fcomments&post=11"}],"version-history":[{"count":18,"href":"https:\/\/enginyeriasalutgirona.eic.cat\/index.php?rest_route=\/wp\/v2\/pages\/11\/revisions"}],"predecessor-version":[{"id":215,"href":"https:\/\/enginyeriasalutgirona.eic.cat\/index.php?rest_route=\/wp\/v2\/pages\/11\/revisions\/215"}],"wp:attachment":[{"href":"https:\/\/enginyeriasalutgirona.eic.cat\/index.php?rest_route=%2Fwp%2Fv2%2Fmedia&parent=11"}],"curies":[{"name":"wp","href":"https:\/\/api.w.org\/{rel}","templated":true}]}}