{"id":15,"date":"2025-02-25T13:38:26","date_gmt":"2025-02-25T11:38:26","guid":{"rendered":"https:\/\/enginyeriasalutgirona.eic.cat\/?page_id=15"},"modified":"2025-04-08T09:51:42","modified_gmt":"2025-04-08T07:51:42","slug":"entrevistes","status":"publish","type":"page","link":"https:\/\/enginyeriasalutgirona.eic.cat\/?page_id=15","title":{"rendered":"Entrevistes"},"content":{"rendered":"\n<div class=\"wp-block-uagb-info-box uagb-block-388f2ed4 uagb-infobox__content-wrap  uagb-infobox-icon-above-title uagb-infobox-image-valign-top\"><div class=\"uagb-ifb-content\"><div class=\"uagb-ifb-icon-wrap\"><svg xmlns=\"https:\/\/www.w3.org\/2000\/svg\" viewBox=\"0 0 512 512\"><path d=\"M0 256C0 114.6 114.6 0 256 0C397.4 0 512 114.6 512 256C512 397.4 397.4 512 256 512C114.6 512 0 397.4 0 256zM371.8 211.8C382.7 200.9 382.7 183.1 371.8 172.2C360.9 161.3 343.1 161.3 332.2 172.2L224 280.4L179.8 236.2C168.9 225.3 151.1 225.3 140.2 236.2C129.3 247.1 129.3 264.9 140.2 275.8L204.2 339.8C215.1 350.7 232.9 350.7 243.8 339.8L371.8 211.8z\"><\/path><\/svg><\/div><div class=\"uagb-ifb-title-wrap\"><h3 class=\"uagb-ifb-title\">Objectiu<\/h3><\/div><p class=\"uagb-ifb-desc\">Per tal de con\u00e8ixer i entendre millor les funcions que desenvolupen els enginyers\/es d&#8217;aquest \u00e0mbit i quin lloc ocupen dins el sistema de salut, s&#8217;han realitzat entrevistes individuals a enginyers i enginyeres del sector.<br>A continuaci\u00f3 es mostren les dades m\u00e9s rellevants extretes.<\/p><\/div><\/div>\n\n\n\n<div class=\"wp-block-uagb-container uagb-block-qtxdp3sd alignfull uagb-is-root-container\"><div class=\"uagb-container-inner-blocks-wrap\">\n<div class=\"wp-block-uagb-container uagb-block-cqh2fqdv\">\n<iframe loading=\"lazy\" width=\"600\" height=\"450\" src=\"https:\/\/lookerstudio.google.com\/embed\/reporting\/d7737015-a47e-423d-b5ba-6497a2113de9\/page\/tpOpE\" frameborder=\"0\" style=\"border:0\" allowfullscreen sandbox=\"allow-storage-access-by-user-activation allow-scripts allow-same-origin allow-popups allow-popups-to-escape-sandbox\"><\/iframe>\n\n\n\n<div class=\"wp-block-uagb-info-box uagb-block-evy3e7ax uagb-infobox__content-wrap  uagb-infobox-icon-above-title uagb-infobox-image-valign-top\"><div class=\"uagb-ifb-content\"><div class=\"uagb-ifb-title-wrap\"><h3 class=\"uagb-ifb-title\">Quadre de control de les entrevistes <\/h3><\/div><p class=\"uagb-ifb-desc\">El quadre de control mostra les titulacions de les persones entrevistades, aix\u00ed com la seva experi\u00e8ncia laboral total, l&#8217;experi\u00e8ncia en l&#8217;\u00e0mbit de la salut i el percentatge d&#8217;anys dedicats a aquest sector.<br><br>Aquesta informaci\u00f3 ens permet analitzar si es tracta de professionals recents, si van accedir al sector de la salut immediatament despr\u00e9s de finalitzar la seva formaci\u00f3 o si, en canvi, van treballar en altres \u00e0mbits abans d&#8217;incorporar-s&#8217;hi.<\/p><\/div><\/div>\n<\/div>\n<\/div><\/div>\n\n\n\n<div class=\"wp-block-uagb-container uagb-block-u0ixhubu alignfull uagb-is-root-container\"><div class=\"uagb-container-inner-blocks-wrap\">\n<div class=\"wp-block-uagb-container uagb-block-zxhb3zeq\">\n<div class=\"wp-block-uagb-image alignleft uagb-block-ehq9i9ty wp-block-uagb-image--layout-default wp-block-uagb-image--effect-static wp-block-uagb-image--align-left\"><figure class=\"wp-block-uagb-image__figure\"><img decoding=\"async\" srcset=\"https:\/\/enginyeriasalutgirona.eic.cat\/wp-content\/uploads\/2025\/03\/pexels-photo-8437040-8437040-1024x683.jpg ,https:\/\/enginyeriasalutgirona.eic.cat\/wp-content\/uploads\/2025\/03\/pexels-photo-8437040-8437040-scaled.jpg 780w, https:\/\/enginyeriasalutgirona.eic.cat\/wp-content\/uploads\/2025\/03\/pexels-photo-8437040-8437040-scaled.jpg 360w\" sizes=\"auto, (max-width: 480px) 150px\" src=\"https:\/\/enginyeriasalutgirona.eic.cat\/wp-content\/uploads\/2025\/03\/pexels-photo-8437040-8437040-1024x683.jpg\" alt=\"A detailed close-up of a prosthetic leg showcasing innovative technology and design.\" class=\"uag-image-233\" width=\"230\" height=\"360\" title=\"pexels-photo-8437040-8437040\" loading=\"lazy\" role=\"img\"\/><\/figure><\/div>\n\n\n\n<div class=\"wp-block-uagb-image alignleft uagb-block-3iyj0euh wp-block-uagb-image--layout-default wp-block-uagb-image--effect-static wp-block-uagb-image--align-left\"><figure class=\"wp-block-uagb-image__figure\"><img decoding=\"async\" srcset=\"https:\/\/enginyeriasalutgirona.eic.cat\/wp-content\/uploads\/2025\/03\/pexels-photo-7793247-7793247-edited-1-scaled.jpg ,https:\/\/enginyeriasalutgirona.eic.cat\/wp-content\/uploads\/2025\/03\/pexels-photo-7793247-7793247-scaled.jpg 780w, https:\/\/enginyeriasalutgirona.eic.cat\/wp-content\/uploads\/2025\/03\/pexels-photo-7793247-7793247-scaled.jpg 360w\" sizes=\"auto, (max-width: 480px) 150px\" src=\"https:\/\/enginyeriasalutgirona.eic.cat\/wp-content\/uploads\/2025\/03\/pexels-photo-7793247-7793247-edited-1-scaled.jpg\" alt=\"Office environment with diverse team members brainstorming and collaborating on a project.\" class=\"uag-image-237\" width=\"230\" height=\"360\" title=\"pexels-photo-7793247-7793247\" loading=\"lazy\" role=\"img\"\/><\/figure><\/div>\n<\/div>\n\n\n\n<div class=\"wp-block-uagb-container uagb-block-wq1ntmip\">\n<div class=\"wp-block-uagb-info-box uagb-block-nkit3che uagb-infobox__content-wrap  uagb-infobox-icon-above-title uagb-infobox-image-valign-top\"><div class=\"uagb-ifb-content\"><div class=\"uagb-ifb-title-wrap\"><h3 class=\"uagb-ifb-title\">Principals rols detectats<\/h3><\/div><p class=\"uagb-ifb-desc\">Un dels objectius principals de l&#8217;estudi ha estat identificar els rols que prenen els enginyers i enginyeres que es dediquen a l&#8217;\u00e0mbit sanitari. \u00c9s per aix\u00f2 que s&#8217;han realitzat entrevistes m\u00e9s personals a diferents enginyers\/enginyeres que treballen a alguns dels hospitals, entitats i empreses que apareixen al mapa.<br><br>A continuaci\u00f3 alguns dels rols detectats:<\/p><\/div><\/div>\n\n\n\n<div class=\"wp-block-uagb-icon-list uagb-block-v25wwo4b\"><div class=\"uagb-icon-list__wrap\">\n<div class=\"wp-block-uagb-icon-list-child uagb-block-aguwinrq\"><span class=\"uagb-icon-list__source-wrap\"><svg xmlns=\"https:\/\/www.w3.org\/2000\/svg\" viewBox=\"0 0 448 512\"><path d=\"M438.6 105.4C451.1 117.9 451.1 138.1 438.6 150.6L182.6 406.6C170.1 419.1 149.9 419.1 137.4 406.6L9.372 278.6C-3.124 266.1-3.124 245.9 9.372 233.4C21.87 220.9 42.13 220.9 54.63 233.4L159.1 338.7L393.4 105.4C405.9 92.88 426.1 92.88 438.6 105.4H438.6z\"><\/path><\/svg><\/span><span class=\"uagb-icon-list__label\">Enginyer\/a de gesti\u00f3 de projectes i obres<\/span><\/div>\n\n\n\n<div class=\"wp-block-uagb-icon-list-child uagb-block-dpdpnvwl\"><span class=\"uagb-icon-list__source-wrap\"><svg xmlns=\"https:\/\/www.w3.org\/2000\/svg\" viewBox=\"0 0 448 512\"><path d=\"M438.6 105.4C451.1 117.9 451.1 138.1 438.6 150.6L182.6 406.6C170.1 419.1 149.9 419.1 137.4 406.6L9.372 278.6C-3.124 266.1-3.124 245.9 9.372 233.4C21.87 220.9 42.13 220.9 54.63 233.4L159.1 338.7L393.4 105.4C405.9 92.88 426.1 92.88 438.6 105.4H438.6z\"><\/path><\/svg><\/span><span class=\"uagb-icon-list__label\">Enginyer\/a de manteniment d&#8217;infraestructures hospitalaries<\/span><\/div>\n\n\n\n<div class=\"wp-block-uagb-icon-list-child uagb-block-tjtgjdzb\"><span class=\"uagb-icon-list__source-wrap\"><svg xmlns=\"https:\/\/www.w3.org\/2000\/svg\" viewBox=\"0 0 448 512\"><path d=\"M438.6 105.4C451.1 117.9 451.1 138.1 438.6 150.6L182.6 406.6C170.1 419.1 149.9 419.1 137.4 406.6L9.372 278.6C-3.124 266.1-3.124 245.9 9.372 233.4C21.87 220.9 42.13 220.9 54.63 233.4L159.1 338.7L393.4 105.4C405.9 92.88 426.1 92.88 438.6 105.4H438.6z\"><\/path><\/svg><\/span><span class=\"uagb-icon-list__label\">Enginyer\/a de gesti\u00f3 de processos <\/span><\/div>\n\n\n\n<div class=\"wp-block-uagb-icon-list-child uagb-block-f7tlvnlr\"><span class=\"uagb-icon-list__source-wrap\"><svg xmlns=\"https:\/\/www.w3.org\/2000\/svg\" viewBox=\"0 0 448 512\"><path d=\"M438.6 105.4C451.1 117.9 451.1 138.1 438.6 150.6L182.6 406.6C170.1 419.1 149.9 419.1 137.4 406.6L9.372 278.6C-3.124 266.1-3.124 245.9 9.372 233.4C21.87 220.9 42.13 220.9 54.63 233.4L159.1 338.7L393.4 105.4C405.9 92.88 426.1 92.88 438.6 105.4H438.6z\"><\/path><\/svg><\/span><span class=\"uagb-icon-list__label\">Enginyer\/a de desenvolupament de software\/sistemes d&#8217;informaci\u00f3 d&#8217;hospitals<\/span><\/div>\n\n\n\n<div class=\"wp-block-uagb-icon-list-child uagb-block-f9b7502d\"><span class=\"uagb-icon-list__source-wrap\"><svg xmlns=\"https:\/\/www.w3.org\/2000\/svg\" viewBox=\"0 0 448 512\"><path d=\"M438.6 105.4C451.1 117.9 451.1 138.1 438.6 150.6L182.6 406.6C170.1 419.1 149.9 419.1 137.4 406.6L9.372 278.6C-3.124 266.1-3.124 245.9 9.372 233.4C21.87 220.9 42.13 220.9 54.63 233.4L159.1 338.7L393.4 105.4C405.9 92.88 426.1 92.88 438.6 105.4H438.6z\"><\/path><\/svg><\/span><span class=\"uagb-icon-list__label\">Enginyer\/a de I+D i transfer\u00e8ncia<\/span><\/div>\n\n\n\n<div class=\"wp-block-uagb-icon-list-child uagb-block-2f9bce6d\"><span class=\"uagb-icon-list__source-wrap\"><svg xmlns=\"https:\/\/www.w3.org\/2000\/svg\" viewBox=\"0 0 448 512\"><path d=\"M438.6 105.4C451.1 117.9 451.1 138.1 438.6 150.6L182.6 406.6C170.1 419.1 149.9 419.1 137.4 406.6L9.372 278.6C-3.124 266.1-3.124 245.9 9.372 233.4C21.87 220.9 42.13 220.9 54.63 233.4L159.1 338.7L393.4 105.4C405.9 92.88 426.1 92.88 438.6 105.4H438.6z\"><\/path><\/svg><\/span><span class=\"uagb-icon-list__label\">Enginyer\/a de desenvolupament de producte sanitari<\/span><\/div>\n\n\n\n<div class=\"wp-block-uagb-icon-list-child uagb-block-c41d30e1\"><span class=\"uagb-icon-list__source-wrap\"><svg xmlns=\"https:\/\/www.w3.org\/2000\/svg\" viewBox=\"0 0 448 512\"><path d=\"M438.6 105.4C451.1 117.9 451.1 138.1 438.6 150.6L182.6 406.6C170.1 419.1 149.9 419.1 137.4 406.6L9.372 278.6C-3.124 266.1-3.124 245.9 9.372 233.4C21.87 220.9 42.13 220.9 54.63 233.4L159.1 338.7L393.4 105.4C405.9 92.88 426.1 92.88 438.6 105.4H438.6z\"><\/path><\/svg><\/span><span class=\"uagb-icon-list__label\">Enginyer\/a d&#8217;organitzaci\u00f3 i planificaci\u00f3<\/span><\/div>\n\n\n\n<div class=\"wp-block-uagb-icon-list-child uagb-block-bae4dac4\"><span class=\"uagb-icon-list__source-wrap\"><svg xmlns=\"https:\/\/www.w3.org\/2000\/svg\" viewBox=\"0 0 448 512\"><path d=\"M438.6 105.4C451.1 117.9 451.1 138.1 438.6 150.6L182.6 406.6C170.1 419.1 149.9 419.1 137.4 406.6L9.372 278.6C-3.124 266.1-3.124 245.9 9.372 233.4C21.87 220.9 42.13 220.9 54.63 233.4L159.1 338.7L393.4 105.4C405.9 92.88 426.1 92.88 438.6 105.4H438.6z\"><\/path><\/svg><\/span><span class=\"uagb-icon-list__label\">Enginyer\/a emprenedor\/a<\/span><\/div>\n\n\n\n<div class=\"wp-block-uagb-icon-list-child uagb-block-78406722\"><span class=\"uagb-icon-list__source-wrap\"><svg xmlns=\"https:\/\/www.w3.org\/2000\/svg\" viewBox=\"0 0 448 512\"><path d=\"M438.6 105.4C451.1 117.9 451.1 138.1 438.6 150.6L182.6 406.6C170.1 419.1 149.9 419.1 137.4 406.6L9.372 278.6C-3.124 266.1-3.124 245.9 9.372 233.4C21.87 220.9 42.13 220.9 54.63 233.4L159.1 338.7L393.4 105.4C405.9 92.88 426.1 92.88 438.6 105.4H438.6z\"><\/path><\/svg><\/span><span class=\"uagb-icon-list__label\">Enginyer\/a l\u00edder d&#8217;equips<\/span><\/div>\n\n\n\n<div class=\"wp-block-uagb-icon-list-child uagb-block-e5608115\"><span class=\"uagb-icon-list__source-wrap\"><svg xmlns=\"https:\/\/www.w3.org\/2000\/svg\" viewBox=\"0 0 448 512\"><path d=\"M438.6 105.4C451.1 117.9 451.1 138.1 438.6 150.6L182.6 406.6C170.1 419.1 149.9 419.1 137.4 406.6L9.372 278.6C-3.124 266.1-3.124 245.9 9.372 233.4C21.87 220.9 42.13 220.9 54.63 233.4L159.1 338.7L393.4 105.4C405.9 92.88 426.1 92.88 438.6 105.4H438.6z\"><\/path><\/svg><\/span><span class=\"uagb-icon-list__label\">Enginyer\/a d&#8217;innovaci\u00f3<\/span><\/div>\n<\/div><\/div>\n<\/div>\n<\/div><\/div>\n\n\n\n<div class=\"wp-block-uagb-slider uagb-block-bf5e38a6 uagb-slider-container\"><div class=\"uagb-slides uagb-swiper\"><div class=\"swiper-wrapper\">\n<div class=\"wp-block-uagb-slider-child uagb-slider-child-wrap swiper-slide uagb-block-6a3f7d27\"><div class=\"swiper-content\">\n<div class=\"wp-block-uagb-container uagb-block-eccaa4b3 alignfull uagb-is-root-container\"><div class=\"uagb-container-inner-blocks-wrap\">\n<div class=\"wp-block-uagb-info-box uagb-block-8278f654 uagb-infobox__content-wrap  uagb-infobox-icon-above-title uagb-infobox-image-valign-top\"><div class=\"uagb-ifb-content\"><div class=\"uagb-ifb-title-wrap\"><h3 class=\"uagb-ifb-title\"><strong>Quins reptes ens hem de plantejar els enginyers industrials i biom\u00e8dics respecte al nou Campus de Salut de Girona?<\/strong><\/h3><\/div><p class=\"uagb-ifb-desc\"><strong>\u201cEl principal repte ha de ser saber aprofitar l\u2019oportunitat. El desenvolupament d\u2019un projecte d\u2019aquesta magnitud al nostre territori, s\u2019ha d\u2019aprofitar per posar en valor la versatilitat i paper de l\u2019enginyeria en el sector salut, en el seu sentit m\u00e9s \u00e0mpli. Tant en del desenvolupament del Campus, com a tota l\u2019activitat futura que generar\u00e0 al seu entorn.&#8221;<\/strong> -Alex Barcel\u00f3, Regidor de Territori, Habitatge i Promoci\u00f3 de la ciutat de Salt Director general del grup SOLVENTA 6<\/p><\/div><\/div>\n<\/div><\/div>\n<\/div><\/div>\n\n\n\n<div class=\"wp-block-uagb-slider-child uagb-slider-child-wrap swiper-slide uagb-block-6b1f3b94\"><div class=\"swiper-content\">\n<div class=\"wp-block-uagb-container uagb-block-20ba54bd alignfull uagb-is-root-container\"><div class=\"uagb-container-inner-blocks-wrap\">\n<div class=\"wp-block-uagb-info-box uagb-block-dc9aec63 uagb-infobox__content-wrap  uagb-infobox-icon-above-title uagb-infobox-image-valign-top\"><div class=\"uagb-ifb-content\"><div class=\"uagb-ifb-title-wrap\"><h3 class=\"uagb-ifb-title\"><strong>Creus que els enginyers del teu sector tenen poca visibilitat?<\/strong><\/h3><\/div><p class=\"uagb-ifb-desc\"><strong>\u201cLa societat no en parla gaire, falta visibilitat dels enginyers que treballen al sector salut. Poder tenim un estereotip de com ha de ser un enginyer que cada vegada difereix m\u00e9s del que fan els enginyers actualment. Des de l\u2019enginyeria es pot tenir molt d\u2019impacte a la salut.\u201d<\/strong> -Aniol Bosch, Enginyer Industrial Doctorand a EURECAT&nbsp;<\/p><\/div><\/div>\n<\/div><\/div>\n<\/div><\/div>\n\n\n\n<div class=\"wp-block-uagb-slider-child uagb-slider-child-wrap swiper-slide uagb-block-221be78d\"><div class=\"swiper-content\">\n<div class=\"wp-block-uagb-container uagb-block-095171eb alignfull uagb-is-root-container\"><div class=\"uagb-container-inner-blocks-wrap\">\n<div class=\"wp-block-uagb-info-box uagb-block-21941ea8 uagb-infobox__content-wrap  uagb-infobox-icon-above-title uagb-infobox-image-valign-top\"><div class=\"uagb-ifb-content\"><div class=\"uagb-ifb-title-wrap\"><h3 class=\"uagb-ifb-title\"><strong>Quina previsi\u00f3 d\u2019enginyers creus que hi haur\u00e0 al teu \u00e0mbit?<\/strong><\/h3><\/div><p class=\"uagb-ifb-desc\"><strong>\u201cDependr\u00e0 de si es pot fer canviar la vis\u00f3 o crear la necessitat de la figura de l\u2019enginyer a l\u2019hospital. Tenir m\u00e9s figures d\u2019enginyers proporcionaria un salt de qualitat de l\u2019hospital.\u201d <\/strong>-Oscar Trece\u00f1o, Enginyer Industrial, Responsable de nous projectes ICS-IAS&nbsp;<\/p><\/div><\/div>\n<\/div><\/div>\n<\/div><\/div>\n<\/div><\/div><div class=\"swiper-pagination\"><\/div><div class=\"swiper-button-prev\"><\/div><div class=\"swiper-button-next\"><\/div><\/div>\n\n\n\n<p><\/p>\n","protected":false},"excerpt":{"rendered":"","protected":false},"author":1,"featured_media":0,"parent":0,"menu_order":0,"comment_status":"closed","ping_status":"closed","template":"","meta":{"_uag_custom_page_level_css":"","site-sidebar-layout":"default","site-content-layout":"","ast-site-content-layout":"","site-content-style":"default","site-sidebar-style":"default","ast-global-header-display":"","ast-banner-title-visibility":"","ast-main-header-display":"","ast-hfb-above-header-display":"","ast-hfb-below-header-display":"","ast-hfb-mobile-header-display":"","site-post-title":"","ast-breadcrumbs-content":"","ast-featured-img":"","footer-sml-layout":"","theme-transparent-header-meta":"","adv-header-id-meta":"","stick-header-meta":"","header-above-stick-meta":"","header-main-stick-meta":"","header-below-stick-meta":"","astra-migrate-meta-layouts":"default","ast-page-background-enabled":"default","ast-page-background-meta":{"desktop":{"background-color":"var(--ast-global-color-5)","background-image":"","background-repeat":"repeat","background-position":"center center","background-size":"auto","background-attachment":"scroll","background-type":"","background-media":"","overlay-type":"","overlay-color":"","overlay-opacity":"","overlay-gradient":""},"tablet":{"background-color":"","background-image":"","background-repeat":"repeat","background-position":"center center","background-size":"auto","background-attachment":"scroll","background-type":"","background-media":"","overlay-type":"","overlay-color":"","overlay-opacity":"","overlay-gradient":""},"mobile":{"background-color":"","background-image":"","background-repeat":"repeat","background-position":"center center","background-size":"auto","background-attachment":"scroll","background-type":"","background-media":"","overlay-type":"","overlay-color":"","overlay-opacity":"","overlay-gradient":""}},"ast-content-background-meta":{"desktop":{"background-color":"var(--ast-global-color-4)","background-image":"","background-repeat":"repeat","background-position":"center center","background-size":"auto","background-attachment":"scroll","background-type":"","background-media":"","overlay-type":"","overlay-color":"","overlay-opacity":"","overlay-gradient":""},"tablet":{"background-color":"var(--ast-global-color-4)","background-image":"","background-repeat":"repeat","background-position":"center center","background-size":"auto","background-attachment":"scroll","background-type":"","background-media":"","overlay-type":"","overlay-color":"","overlay-opacity":"","overlay-gradient":""},"mobile":{"background-color":"var(--ast-global-color-4)","background-image":"","background-repeat":"repeat","background-position":"center center","background-size":"auto","background-attachment":"scroll","background-type":"","background-media":"","overlay-type":"","overlay-color":"","overlay-opacity":"","overlay-gradient":""}},"footnotes":""},"class_list":["post-15","page","type-page","status-publish","hentry"],"uagb_featured_image_src":{"full":false,"thumbnail":false,"medium":false,"medium_large":false,"large":false,"1536x1536":false,"2048x2048":false},"uagb_author_info":{"display_name":"admin","author_link":"https:\/\/enginyeriasalutgirona.eic.cat\/?author=1"},"uagb_comment_info":0,"uagb_excerpt":null,"_links":{"self":[{"href":"https:\/\/enginyeriasalutgirona.eic.cat\/index.php?rest_route=\/wp\/v2\/pages\/15","targetHints":{"allow":["GET"]}}],"collection":[{"href":"https:\/\/enginyeriasalutgirona.eic.cat\/index.php?rest_route=\/wp\/v2\/pages"}],"about":[{"href":"https:\/\/enginyeriasalutgirona.eic.cat\/index.php?rest_route=\/wp\/v2\/types\/page"}],"author":[{"embeddable":true,"href":"https:\/\/enginyeriasalutgirona.eic.cat\/index.php?rest_route=\/wp\/v2\/users\/1"}],"replies":[{"embeddable":true,"href":"https:\/\/enginyeriasalutgirona.eic.cat\/index.php?rest_route=%2Fwp%2Fv2%2Fcomments&post=15"}],"version-history":[{"count":31,"href":"https:\/\/enginyeriasalutgirona.eic.cat\/index.php?rest_route=\/wp\/v2\/pages\/15\/revisions"}],"predecessor-version":[{"id":259,"href":"https:\/\/enginyeriasalutgirona.eic.cat\/index.php?rest_route=\/wp\/v2\/pages\/15\/revisions\/259"}],"wp:attachment":[{"href":"https:\/\/enginyeriasalutgirona.eic.cat\/index.php?rest_route=%2Fwp%2Fv2%2Fmedia&parent=15"}],"curies":[{"name":"wp","href":"https:\/\/api.w.org\/{rel}","templated":true}]}}