{"id":6,"date":"2025-02-20T14:57:18","date_gmt":"2025-02-20T12:57:18","guid":{"rendered":"https:\/\/enginyeriasalutgirona.eic.cat\/?page_id=6"},"modified":"2025-03-19T16:06:51","modified_gmt":"2025-03-19T14:06:51","slug":"inici","status":"publish","type":"page","link":"https:\/\/enginyeriasalutgirona.eic.cat\/","title":{"rendered":"Inici"},"content":{"rendered":"\n<div class=\"wp-block-uagb-container uagb-block-bmbizlx1 alignfull uagb-is-root-container\"><div class=\"uagb-container-inner-blocks-wrap\">\n<div class=\"wp-block-uagb-info-box uagb-block-n3apn7ij uagb-infobox__content-wrap  uagb-infobox-icon-above-title uagb-infobox-image-valign-top\"><div class=\"uagb-ifb-content\"><div class=\"uagb-ifb-title-wrap\"><h1 class=\"uagb-ifb-title\">Qui som? <\/h1><\/div><p class=\"uagb-ifb-desc\">enginyeriasalutgirona \u00e9s una web destinada a recollir i plasmar els resultats de l&#8217;estudi sobre els enginyers i enginyeres que es dediquen a l&#8217;\u00e0mbit sanitari a la regi\u00f3 de Girona. L&#8217;estudi ha estat elaborat pels Enginyers Industrials de Catalunya, demarcaci\u00f3 de Girona.<br><\/p><\/div><\/div>\n<\/div><\/div>\n\n\n\n<div class=\"wp-block-uagb-container uagb-block-ahrtimbe alignfull uagb-is-root-container\"><div class=\"uagb-container-inner-blocks-wrap\">\n<div class=\"wp-block-uagb-info-box uagb-block-yfzoqvfj uagb-infobox__content-wrap  uagb-infobox-icon-above-title uagb-infobox-image-valign-top\"><div class=\"uagb-ifb-content\"><div class=\"uagb-ifb-title-wrap\"><h2 class=\"uagb-ifb-title\">Resultats obtinguts<\/h2><\/div><\/div><\/div>\n\n\n\n<div class=\"wp-block-uagb-container uagb-block-ivsxsots\">\n<div class=\"wp-block-uagb-container uagb-block-emnicmm5\">\n<div class=\"wp-block-uagb-image alignleft uagb-block-zsgtphi0 wp-block-uagb-image--layout-default wp-block-uagb-image--effect-static wp-block-uagb-image--align-left\"><figure class=\"wp-block-uagb-image__figure\"><img decoding=\"async\" srcset=\"https:\/\/enginyeriasalutgirona.eic.cat\/wp-content\/uploads\/2025\/02\/gec47d0aed69c7e0ed73d522d27e6d7a9545eff5b725c3c3d6e186aca478f2bfcbd6b5d158af90d510f259b05fd186254e51bcd718ddb9cd3ba7bd4422f8bdba4_1280-8227429-1024x768.jpg ,https:\/\/enginyeriasalutgirona.eic.cat\/wp-content\/uploads\/2025\/02\/gec47d0aed69c7e0ed73d522d27e6d7a9545eff5b725c3c3d6e186aca478f2bfcbd6b5d158af90d510f259b05fd186254e51bcd718ddb9cd3ba7bd4422f8bdba4_1280-8227429.jpg 780w, https:\/\/enginyeriasalutgirona.eic.cat\/wp-content\/uploads\/2025\/02\/gec47d0aed69c7e0ed73d522d27e6d7a9545eff5b725c3c3d6e186aca478f2bfcbd6b5d158af90d510f259b05fd186254e51bcd718ddb9cd3ba7bd4422f8bdba4_1280-8227429.jpg 360w\" sizes=\"auto, (max-width: 480px) 150px\" src=\"https:\/\/enginyeriasalutgirona.eic.cat\/wp-content\/uploads\/2025\/02\/gec47d0aed69c7e0ed73d522d27e6d7a9545eff5b725c3c3d6e186aca478f2bfcbd6b5d158af90d510f259b05fd186254e51bcd718ddb9cd3ba7bd4422f8bdba4_1280-8227429-1024x768.jpg\" alt=\"eyeglasses, world map, map, map of the world, nickel glasses, glasses, vacations, plan, world map, world map, world map, world map, world map, map, map, map\" class=\"uag-image-71\" width=\"341\" height=\"260\" title=\"gec47d0aed69c7e0ed73d522d27e6d7a9545eff5b725c3c3d6e186aca478f2bfcbd6b5d158af90d510f259b05fd186254e51bcd718ddb9cd3ba7bd4422f8bdba4_1280-8227429\" loading=\"lazy\" role=\"img\"\/><\/figure><\/div>\n\n\n\n<div class=\"wp-block-uagb-info-box uagb-block-egbbkdfg uagb-infobox__content-wrap  uagb-infobox-icon-above-title uagb-infobox-image-valign-top\"><div class=\"uagb-ifb-content\"><div class=\"uagb-ifb-title-wrap\"><h3 class=\"uagb-ifb-title\">Mapa<\/h3><\/div><p class=\"uagb-ifb-desc\">Consulta el mapa que cont\u00e9 l&#8217;ubicaci\u00f3 dels principals hospitals, entitats i empreses de la regi\u00f3 on treballen els enginyers\/enginyeres.<\/p><\/div><\/div>\n\n\n\n<div class=\"wp-block-uagb-buttons uagb-buttons__outer-wrap uagb-btn__default-btn uagb-btn-tablet__default-btn uagb-btn-mobile__default-btn uagb-block-mbedig1v\"><div class=\"uagb-buttons__wrap uagb-buttons-layout-wrap \">\n<div class=\"wp-block-uagb-buttons-child uagb-buttons__outer-wrap uagb-block-kjdn2z8i wp-block-button\"><div class=\"uagb-button__wrapper\"><a class=\"uagb-buttons-repeater wp-block-button__link\" aria-label=\"\" href=\"https:\/\/enginyeriasalutgirona.eic.cat\/?page_id=11\" rel=\"follow noopener\" target=\"_self\" role=\"button\"><div class=\"uagb-button__link\">Coneix m\u00e9s<\/div><span class=\"uagb-button__icon uagb-button__icon-position-after\"><svg xmlns=\"https:\/\/www.w3.org\/2000\/svg\" viewBox=\"0 0 320 512\" aria-hidden=\"true\" focussable=\"false\"><path d=\"M96 480c-8.188 0-16.38-3.125-22.62-9.375c-12.5-12.5-12.5-32.75 0-45.25L242.8 256L73.38 86.63c-12.5-12.5-12.5-32.75 0-45.25s32.75-12.5 45.25 0l192 192c12.5 12.5 12.5 32.75 0 45.25l-192 192C112.4 476.9 104.2 480 96 480z\"><\/path><\/svg><\/span><\/a><\/div><\/div>\n<\/div><\/div>\n<\/div>\n\n\n\n<div class=\"wp-block-uagb-container uagb-block-igrkdzhv\">\n<div class=\"wp-block-uagb-image alignleft uagb-block-yav9wja8 wp-block-uagb-image--layout-default wp-block-uagb-image--effect-static wp-block-uagb-image--align-left\"><figure class=\"wp-block-uagb-image__figure\"><img decoding=\"async\" srcset=\"https:\/\/enginyeriasalutgirona.eic.cat\/wp-content\/uploads\/2025\/02\/pexels-photo-265087-265087-1024x683.jpg ,https:\/\/enginyeriasalutgirona.eic.cat\/wp-content\/uploads\/2025\/02\/pexels-photo-265087-265087-scaled.jpg 780w, https:\/\/enginyeriasalutgirona.eic.cat\/wp-content\/uploads\/2025\/02\/pexels-photo-265087-265087-scaled.jpg 360w\" sizes=\"auto, (max-width: 480px) 150px\" src=\"https:\/\/enginyeriasalutgirona.eic.cat\/wp-content\/uploads\/2025\/02\/pexels-photo-265087-265087-1024x683.jpg\" alt=\"Laptop displaying charts and graphs with tablet calendar for data analysis and planning.\" class=\"uag-image-72\" width=\"345\" height=\"260\" title=\"pexels-photo-265087-265087\" loading=\"lazy\" role=\"img\"\/><\/figure><\/div>\n\n\n\n<div class=\"wp-block-uagb-info-box uagb-block-vxjfjndz uagb-infobox__content-wrap  uagb-infobox-icon-above-title uagb-infobox-image-valign-top\"><div class=\"uagb-ifb-content\"><div class=\"uagb-ifb-title-wrap\"><h3 class=\"uagb-ifb-title\">Quadres de control<\/h3><\/div><p class=\"uagb-ifb-desc\">Observa en detall les dades obtingudes. Quines titulacions tenen els enginyers\/enginyeres? Quin percentatge representen respecte el total de treballadors?<\/p><\/div><\/div>\n\n\n\n<div class=\"wp-block-uagb-buttons uagb-buttons__outer-wrap uagb-btn__default-btn uagb-btn-tablet__default-btn uagb-btn-mobile__default-btn uagb-block-n7h3yvoa\"><div class=\"uagb-buttons__wrap uagb-buttons-layout-wrap \">\n<div class=\"wp-block-uagb-buttons-child uagb-buttons__outer-wrap uagb-block-mlkvrzby wp-block-button\"><div class=\"uagb-button__wrapper\"><a class=\"uagb-buttons-repeater wp-block-button__link\" aria-label=\"\" href=\"https:\/\/enginyeriasalutgirona.eic.cat\/?page_id=21\" rel=\"follow noopener\" target=\"_self\" role=\"button\"><div class=\"uagb-button__link\">Coneix m\u00e9s<\/div><span class=\"uagb-button__icon uagb-button__icon-position-after\"><svg xmlns=\"https:\/\/www.w3.org\/2000\/svg\" viewBox=\"0 0 320 512\" aria-hidden=\"true\" focussable=\"false\"><path d=\"M96 480c-8.188 0-16.38-3.125-22.62-9.375c-12.5-12.5-12.5-32.75 0-45.25L242.8 256L73.38 86.63c-12.5-12.5-12.5-32.75 0-45.25s32.75-12.5 45.25 0l192 192c12.5 12.5 12.5 32.75 0 45.25l-192 192C112.4 476.9 104.2 480 96 480z\"><\/path><\/svg><\/span><\/a><\/div><\/div>\n<\/div><\/div>\n<\/div>\n\n\n\n<div class=\"wp-block-uagb-container uagb-block-q4yvvtv7\">\n<div class=\"wp-block-uagb-image alignleft uagb-block-h4oedvo8 wp-block-uagb-image--layout-default wp-block-uagb-image--effect-static wp-block-uagb-image--align-left\"><figure class=\"wp-block-uagb-image__figure\"><img decoding=\"async\" srcset=\"https:\/\/enginyeriasalutgirona.eic.cat\/wp-content\/uploads\/2025\/02\/pexels-photo-5668869-5668869-1024x683.jpg ,https:\/\/enginyeriasalutgirona.eic.cat\/wp-content\/uploads\/2025\/02\/pexels-photo-5668869-5668869-scaled.jpg 780w, https:\/\/enginyeriasalutgirona.eic.cat\/wp-content\/uploads\/2025\/02\/pexels-photo-5668869-5668869-scaled.jpg 360w\" sizes=\"auto, (max-width: 480px) 150px\" src=\"https:\/\/enginyeriasalutgirona.eic.cat\/wp-content\/uploads\/2025\/02\/pexels-photo-5668869-5668869-1024x683.jpg\" alt=\"A woman in a formal setting fills out paperwork on a clipboard at an office desk.\" class=\"uag-image-73\" width=\"350\" height=\"260\" title=\"pexels-photo-5668869-5668869\" loading=\"lazy\" role=\"img\"\/><\/figure><\/div>\n\n\n\n<div class=\"wp-block-uagb-info-box uagb-block-hbp1xl5h uagb-infobox__content-wrap  uagb-infobox-icon-above-title uagb-infobox-image-valign-top\"><div class=\"uagb-ifb-content\"><div class=\"uagb-ifb-title-wrap\"><h3 class=\"uagb-ifb-title\">Entrevistes<\/h3><\/div><p class=\"uagb-ifb-desc\">Descobreix quins rols desenvolupen els professionals del sector. <br>Coneix el seu punt de vista respecte diversos temes com per exemple el nou Campus Salut de Girona.<\/p><\/div><\/div>\n\n\n\n<div class=\"wp-block-uagb-buttons uagb-buttons__outer-wrap uagb-btn__default-btn uagb-btn-tablet__default-btn uagb-btn-mobile__default-btn uagb-block-mcgz9ffg\"><div class=\"uagb-buttons__wrap uagb-buttons-layout-wrap \">\n<div class=\"wp-block-uagb-buttons-child uagb-buttons__outer-wrap uagb-block-7u3yr2ob wp-block-button\"><div class=\"uagb-button__wrapper\"><a class=\"uagb-buttons-repeater wp-block-button__link\" aria-label=\"\" href=\"https:\/\/enginyeriasalutgirona.eic.cat\/?page_id=15\" rel=\"follow noopener\" target=\"_self\" role=\"button\"><div class=\"uagb-button__link\">Coneix m\u00e9s<\/div><span class=\"uagb-button__icon uagb-button__icon-position-after\"><svg xmlns=\"https:\/\/www.w3.org\/2000\/svg\" viewBox=\"0 0 320 512\" aria-hidden=\"true\" focussable=\"false\"><path d=\"M96 480c-8.188 0-16.38-3.125-22.62-9.375c-12.5-12.5-12.5-32.75 0-45.25L242.8 256L73.38 86.63c-12.5-12.5-12.5-32.75 0-45.25s32.75-12.5 45.25 0l192 192c12.5 12.5 12.5 32.75 0 45.25l-192 192C112.4 476.9 104.2 480 96 480z\"><\/path><\/svg><\/span><\/a><\/div><\/div>\n<\/div><\/div>\n<\/div>\n<\/div>\n<\/div><\/div>\n\n\n\n<div class=\"wp-block-group is-layout-constrained wp-block-group-is-layout-constrained\">\n<div class=\"wp-block-group is-layout-constrained wp-block-group-is-layout-constrained\">\n<div class=\"wp-block-uagb-container uagb-block-7qfjlbdu alignfull uagb-is-root-container\"><div class=\"uagb-container-inner-blocks-wrap\">\n<div class=\"wp-block-uagb-info-box uagb-block-bnigpnon uagb-infobox__content-wrap  uagb-infobox-icon-above-title uagb-infobox-image-valign-top\"><div class=\"uagb-ifb-content\"><div class=\"uagb-ifb-title-wrap\"><h2 class=\"uagb-ifb-title\">Sobre la secci\u00f3<\/h2><\/div><p class=\"uagb-ifb-desc\">La secci\u00f3 de la demarcaci\u00f3 de Girona de la Comissi\u00f3 de l\u2019Enginyeria de la Salut de l\u2019EIC agrupa professionals de l\u2019enginyeria vinculats a l\u2019\u00e0mbit de la salut. El seu objectiu \u00e9s donar visibilitat i impulsar el paper clau dels enginyers i enginyeres en aquest sector a la regi\u00f3, fomentant la innovaci\u00f3 i la col\u00b7laboraci\u00f3 interdisciplin\u00e0ria, aix\u00ed com, la retenci\u00f3 de talent.<br><br><br><\/p><\/div><\/div>\n\n\n\n<div class=\"wp-block-uagb-image alignleft uagb-block-fz7l0cxt wp-block-uagb-image--layout-default wp-block-uagb-image--effect-static wp-block-uagb-image--align-left\"><figure class=\"wp-block-uagb-image__figure\"><img decoding=\"async\" srcset=\"https:\/\/enginyeriasalutgirona.eic.cat\/wp-content\/uploads\/2025\/02\/pexels-photo-416405-416405-1024x640.jpg ,https:\/\/enginyeriasalutgirona.eic.cat\/wp-content\/uploads\/2025\/02\/pexels-photo-416405-416405-scaled.jpg 780w, https:\/\/enginyeriasalutgirona.eic.cat\/wp-content\/uploads\/2025\/02\/pexels-photo-416405-416405-scaled.jpg 360w\" sizes=\"auto, (max-width: 480px) 150px\" src=\"https:\/\/enginyeriasalutgirona.eic.cat\/wp-content\/uploads\/2025\/02\/pexels-photo-416405-416405-1024x640.jpg\" alt=\"Top view of a team working on construction plans in an office setting.\" class=\"uag-image-121\" width=\"564\" height=\"450\" title=\"pexels-photo-416405-416405\" loading=\"lazy\" role=\"img\"\/><\/figure><\/div>\n<\/div><\/div>\n\n\n\n<div class=\"wp-block-group is-layout-constrained wp-block-group-is-layout-constrained\">\n<div class=\"wp-block-uagb-buttons uagb-buttons__outer-wrap uagb-btn__default-btn uagb-btn-tablet__default-btn uagb-btn-mobile__default-btn uagb-block-23c1fe79\"><div class=\"uagb-buttons__wrap uagb-buttons-layout-wrap \">\n<div class=\"wp-block-uagb-buttons-child uagb-buttons__outer-wrap uagb-block-f929b05e wp-block-button\"><div class=\"uagb-button__wrapper\"><a class=\"uagb-buttons-repeater wp-block-button__link\" aria-label=\"\" href=\"https:\/\/enginyeriasalutgirona.eic.cat\/?page_id=17\" rel=\"follow noopener\" target=\"_self\" role=\"button\"><div class=\"uagb-button__link\">Coneix m\u00e9s<\/div><\/a><\/div><\/div>\n<\/div><\/div>\n<\/div>\n<\/div>\n<\/div>\n\n\n\n<div id=\"colabora\" class=\"wp-block-uagb-container uagb-block-3hqngjvb alignfull uagb-is-root-container\"><div class=\"uagb-container-inner-blocks-wrap\">\n<div class=\"wp-block-uagb-info-box uagb-block-5pud5npw uagb-infobox__content-wrap  uagb-infobox-icon-above-title uagb-infobox-image-valign-top\"><div class=\"uagb-ifb-content\"><div class=\"uagb-ifb-title-wrap\"><p class=\"uagb-ifb-title-prefix\">apareix al mapa<\/p><h2 class=\"uagb-ifb-title\">Col\u00b7labora!<\/h2><\/div><p class=\"uagb-ifb-desc\">Ets una empresa o entitat que es dedica a l&#8217;\u00e0mbit sanitari a la regi\u00f3  de Girona i no apareixes al mapa? Contesta al seg\u00fcent formulari perqu\u00e8 t&#8217;hi puguem incloure.<br> <\/p><\/div><\/div>\n\n\n\n<div class=\"wp-block-uagb-buttons uagb-buttons__outer-wrap uagb-btn__default-btn uagb-btn-tablet__default-btn uagb-btn-mobile__default-btn uagb-block-1f5ceac7\"><div class=\"uagb-buttons__wrap uagb-buttons-layout-wrap \">\n<div class=\"wp-block-uagb-buttons-child uagb-buttons__outer-wrap uagb-block-4ea1f8e1 wp-block-button\"><div class=\"uagb-button__wrapper\"><a class=\"uagb-buttons-repeater wp-block-button__link\" aria-label=\"\" href=\"https:\/\/forms.gle\/kve3KCPsmu5bBxeM8\" rel=\"follow noopener\" target=\"_self\" role=\"button\"><div class=\"uagb-button__link\">Respon aqu\u00ed<\/div><\/a><\/div><\/div>\n<\/div><\/div>\n<\/div><\/div>\n\n\n\n<p><\/p>\n\n\n\n<p><\/p>\n\n\n\n<p><\/p>\n\n\n\n<p><\/p>\n","protected":false},"excerpt":{"rendered":"","protected":false},"author":1,"featured_media":0,"parent":0,"menu_order":0,"comment_status":"closed","ping_status":"closed","template":"","meta":{"_uag_custom_page_level_css":"","site-sidebar-layout":"default","site-content-layout":"","ast-site-content-layout":"","site-content-style":"default","site-sidebar-style":"default","ast-global-header-display":"","ast-banner-title-visibility":"","ast-main-header-display":"","ast-hfb-above-header-display":"","ast-hfb-below-header-display":"","ast-hfb-mobile-header-display":"","site-post-title":"","ast-breadcrumbs-content":"","ast-featured-img":"","footer-sml-layout":"","theme-transparent-header-meta":"","adv-header-id-meta":"","stick-header-meta":"","header-above-stick-meta":"","header-main-stick-meta":"","header-below-stick-meta":"","astra-migrate-meta-layouts":"default","ast-page-background-enabled":"default","ast-page-background-meta":{"desktop":{"background-color":"var(--ast-global-color-5)","background-image":"","background-repeat":"repeat","background-position":"center center","background-size":"auto","background-attachment":"scroll","background-type":"","background-media":"","overlay-type":"","overlay-color":"","overlay-opacity":"","overlay-gradient":""},"tablet":{"background-color":"","background-image":"","background-repeat":"repeat","background-position":"center center","background-size":"auto","background-attachment":"scroll","background-type":"","background-media":"","overlay-type":"","overlay-color":"","overlay-opacity":"","overlay-gradient":""},"mobile":{"background-color":"","background-image":"","background-repeat":"repeat","background-position":"center center","background-size":"auto","background-attachment":"scroll","background-type":"","background-media":"","overlay-type":"","overlay-color":"","overlay-opacity":"","overlay-gradient":""}},"ast-content-background-meta":{"desktop":{"background-color":"var(--ast-global-color-4)","background-image":"","background-repeat":"repeat","background-position":"center center","background-size":"auto","background-attachment":"scroll","background-type":"","background-media":"","overlay-type":"","overlay-color":"","overlay-opacity":"","overlay-gradient":""},"tablet":{"background-color":"var(--ast-global-color-4)","background-image":"","background-repeat":"repeat","background-position":"center center","background-size":"auto","background-attachment":"scroll","background-type":"","background-media":"","overlay-type":"","overlay-color":"","overlay-opacity":"","overlay-gradient":""},"mobile":{"background-color":"var(--ast-global-color-4)","background-image":"","background-repeat":"repeat","background-position":"center center","background-size":"auto","background-attachment":"scroll","background-type":"","background-media":"","overlay-type":"","overlay-color":"","overlay-opacity":"","overlay-gradient":""}},"footnotes":""},"class_list":["post-6","page","type-page","status-publish","hentry"],"uagb_featured_image_src":{"full":false,"thumbnail":false,"medium":false,"medium_large":false,"large":false,"1536x1536":false,"2048x2048":false},"uagb_author_info":{"display_name":"admin","author_link":"https:\/\/enginyeriasalutgirona.eic.cat\/?author=1"},"uagb_comment_info":0,"uagb_excerpt":null,"_links":{"self":[{"href":"https:\/\/enginyeriasalutgirona.eic.cat\/index.php?rest_route=\/wp\/v2\/pages\/6","targetHints":{"allow":["GET"]}}],"collection":[{"href":"https:\/\/enginyeriasalutgirona.eic.cat\/index.php?rest_route=\/wp\/v2\/pages"}],"about":[{"href":"https:\/\/enginyeriasalutgirona.eic.cat\/index.php?rest_route=\/wp\/v2\/types\/page"}],"author":[{"embeddable":true,"href":"https:\/\/enginyeriasalutgirona.eic.cat\/index.php?rest_route=\/wp\/v2\/users\/1"}],"replies":[{"embeddable":true,"href":"https:\/\/enginyeriasalutgirona.eic.cat\/index.php?rest_route=%2Fwp%2Fv2%2Fcomments&post=6"}],"version-history":[{"count":27,"href":"https:\/\/enginyeriasalutgirona.eic.cat\/index.php?rest_route=\/wp\/v2\/pages\/6\/revisions"}],"predecessor-version":[{"id":251,"href":"https:\/\/enginyeriasalutgirona.eic.cat\/index.php?rest_route=\/wp\/v2\/pages\/6\/revisions\/251"}],"wp:attachment":[{"href":"https:\/\/enginyeriasalutgirona.eic.cat\/index.php?rest_route=%2Fwp%2Fv2%2Fmedia&parent=6"}],"curies":[{"name":"wp","href":"https:\/\/api.w.org\/{rel}","templated":true}]}}